{"id":648,"date":"2023-02-14T13:57:32","date_gmt":"2023-02-14T13:57:32","guid":{"rendered":"https:\/\/pood.marjamaatalu.ee\/?post_type=product&#038;p=648"},"modified":"2023-02-15T16:09:07","modified_gmt":"2023-02-15T16:09:07","slug":"strawberry-jam-with-blackberries","status":"publish","type":"product","link":"https:\/\/pood.marjamaatalu.ee\/en\/toode\/strawberry-jam-with-blackberries\/","title":{"rendered":"Strawberry jam with blueberries"},"content":{"rendered":"<p>The berries of Marjamaa farm have been grown in an environmentally friendly way. Store below -18 \u00b0 C. Do not re-freeze!<\/p>\n","protected":false},"excerpt":{"rendered":"<p>Vaarikad on v\u00e4ga head isu reguleerijad, kuna nendes on kiudainesisaldus v\u00e4ga k\u00f5rge. Samuti t\u00e4idavad nad k\u00f5htu ning neis on aeglaselt imenduvaid s\u00fcsivesikuid, mis hoiavad n\u00e4ljatunde pikalt eemal.<\/p>\n","protected":false},"featured_media":645,"comment_status":"open","ping_status":"closed","template":"","meta":{"_acf_changed":false},"product_brand":[],"product_cat":[63],"product_tag":[],"class_list":{"0":"post-648","1":"product","2":"type-product","3":"status-publish","4":"has-post-thumbnail","6":"product_cat-jams","8":"first","9":"instock","10":"taxable","11":"shipping-taxable","12":"purchasable","13":"product-type-simple"},"acf":[],"_links":{"self":[{"href":"https:\/\/pood.marjamaatalu.ee\/en\/wp-json\/wp\/v2\/product\/648","targetHints":{"allow":["GET"]}}],"collection":[{"href":"https:\/\/pood.marjamaatalu.ee\/en\/wp-json\/wp\/v2\/product"}],"about":[{"href":"https:\/\/pood.marjamaatalu.ee\/en\/wp-json\/wp\/v2\/types\/product"}],"replies":[{"embeddable":true,"href":"https:\/\/pood.marjamaatalu.ee\/en\/wp-json\/wp\/v2\/comments?post=648"}],"wp:featuredmedia":[{"embeddable":true,"href":"https:\/\/pood.marjamaatalu.ee\/en\/wp-json\/wp\/v2\/media\/645"}],"wp:attachment":[{"href":"https:\/\/pood.marjamaatalu.ee\/en\/wp-json\/wp\/v2\/media?parent=648"}],"wp:term":[{"taxonomy":"product_brand","embeddable":true,"href":"https:\/\/pood.marjamaatalu.ee\/en\/wp-json\/wp\/v2\/product_brand?post=648"},{"taxonomy":"product_cat","embeddable":true,"href":"https:\/\/pood.marjamaatalu.ee\/en\/wp-json\/wp\/v2\/product_cat?post=648"},{"taxonomy":"product_tag","embeddable":true,"href":"https:\/\/pood.marjamaatalu.ee\/en\/wp-json\/wp\/v2\/product_tag?post=648"}],"curies":[{"name":"wp","href":"https:\/\/api.w.org\/{rel}","templated":true}]}}