{"id":614,"date":"2023-02-12T18:19:18","date_gmt":"2023-02-12T18:19:18","guid":{"rendered":"https:\/\/pood.marjamaatalu.ee\/?post_type=product&#038;p=614"},"modified":"2023-02-15T17:08:22","modified_gmt":"2023-02-15T17:08:22","slug":"apple-and-cranberry-juice","status":"publish","type":"product","link":"https:\/\/pood.marjamaatalu.ee\/en\/toode\/apple-and-cranberry-juice\/","title":{"rendered":"Apple &#8211; Cranberry juice"},"content":{"rendered":"<p>The pulp will settle \u2013 shake before consuming. Store at temperatures 0 to +20\u00b0C. After opening, store in a cool place for not more than two weeks. Dilute with five parts of water to get a juice with more milder taste.<\/p>\n","protected":false},"excerpt":{"rendered":"<p>Vaarikad on v\u00e4ga head isu reguleerijad, kuna nendes on kiudainesisaldus v\u00e4ga k\u00f5rge. Samuti t\u00e4idavad nad k\u00f5htu ning neis on aeglaselt imenduvaid s\u00fcsivesikuid, mis hoiavad n\u00e4ljatunde pikalt eemal.<\/p>\n","protected":false},"featured_media":599,"comment_status":"open","ping_status":"closed","template":"","meta":{"_acf_changed":false},"product_brand":[],"product_cat":[62],"product_tag":[86],"class_list":{"0":"post-614","1":"product","2":"type-product","3":"status-publish","4":"has-post-thumbnail","6":"product_cat-juices","7":"product_tag-pledge","9":"first","10":"instock","11":"taxable","12":"shipping-taxable","13":"purchasable","14":"product-type-variable"},"acf":[],"_links":{"self":[{"href":"https:\/\/pood.marjamaatalu.ee\/en\/wp-json\/wp\/v2\/product\/614","targetHints":{"allow":["GET"]}}],"collection":[{"href":"https:\/\/pood.marjamaatalu.ee\/en\/wp-json\/wp\/v2\/product"}],"about":[{"href":"https:\/\/pood.marjamaatalu.ee\/en\/wp-json\/wp\/v2\/types\/product"}],"replies":[{"embeddable":true,"href":"https:\/\/pood.marjamaatalu.ee\/en\/wp-json\/wp\/v2\/comments?post=614"}],"wp:featuredmedia":[{"embeddable":true,"href":"https:\/\/pood.marjamaatalu.ee\/en\/wp-json\/wp\/v2\/media\/599"}],"wp:attachment":[{"href":"https:\/\/pood.marjamaatalu.ee\/en\/wp-json\/wp\/v2\/media?parent=614"}],"wp:term":[{"taxonomy":"product_brand","embeddable":true,"href":"https:\/\/pood.marjamaatalu.ee\/en\/wp-json\/wp\/v2\/product_brand?post=614"},{"taxonomy":"product_cat","embeddable":true,"href":"https:\/\/pood.marjamaatalu.ee\/en\/wp-json\/wp\/v2\/product_cat?post=614"},{"taxonomy":"product_tag","embeddable":true,"href":"https:\/\/pood.marjamaatalu.ee\/en\/wp-json\/wp\/v2\/product_tag?post=614"}],"curies":[{"name":"wp","href":"https:\/\/api.w.org\/{rel}","templated":true}]}}