{"id":587,"date":"2023-02-12T18:12:03","date_gmt":"2023-02-12T18:12:03","guid":{"rendered":"https:\/\/pood.marjamaatalu.ee\/?post_type=product&#038;p=587"},"modified":"2023-02-15T17:20:14","modified_gmt":"2023-02-15T17:20:14","slug":"apple-juice","status":"publish","type":"product","link":"https:\/\/pood.marjamaatalu.ee\/en\/toode\/apple-juice\/","title":{"rendered":"Apple juice"},"content":{"rendered":"<p>Cold-pressed, pasteurised, without preservatives.<\/p>\n<p>The pulp will settle \u2013 shake before consuming. Store at temperatures 0 to +20\u00b0C. After opening, store in a cool place for not more than two weeks<\/p>\n","protected":false},"excerpt":{"rendered":"<p>Vaarikad on v\u00e4ga head isu reguleerijad, kuna nendes on kiudainesisaldus v\u00e4ga k\u00f5rge. Samuti t\u00e4idavad nad k\u00f5htu ning neis on aeglaselt imenduvaid s\u00fcsivesikuid, mis hoiavad n\u00e4ljatunde pikalt eemal.<\/p>\n","protected":false},"featured_media":686,"comment_status":"open","ping_status":"closed","template":"","meta":{"_acf_changed":false},"product_brand":[],"product_cat":[62],"product_tag":[],"class_list":{"0":"post-587","1":"product","2":"type-product","3":"status-publish","4":"has-post-thumbnail","6":"product_cat-juices","8":"first","9":"instock","10":"taxable","11":"shipping-taxable","12":"purchasable","13":"product-type-variable"},"acf":[],"_links":{"self":[{"href":"https:\/\/pood.marjamaatalu.ee\/en\/wp-json\/wp\/v2\/product\/587","targetHints":{"allow":["GET"]}}],"collection":[{"href":"https:\/\/pood.marjamaatalu.ee\/en\/wp-json\/wp\/v2\/product"}],"about":[{"href":"https:\/\/pood.marjamaatalu.ee\/en\/wp-json\/wp\/v2\/types\/product"}],"replies":[{"embeddable":true,"href":"https:\/\/pood.marjamaatalu.ee\/en\/wp-json\/wp\/v2\/comments?post=587"}],"wp:featuredmedia":[{"embeddable":true,"href":"https:\/\/pood.marjamaatalu.ee\/en\/wp-json\/wp\/v2\/media\/686"}],"wp:attachment":[{"href":"https:\/\/pood.marjamaatalu.ee\/en\/wp-json\/wp\/v2\/media?parent=587"}],"wp:term":[{"taxonomy":"product_brand","embeddable":true,"href":"https:\/\/pood.marjamaatalu.ee\/en\/wp-json\/wp\/v2\/product_brand?post=587"},{"taxonomy":"product_cat","embeddable":true,"href":"https:\/\/pood.marjamaatalu.ee\/en\/wp-json\/wp\/v2\/product_cat?post=587"},{"taxonomy":"product_tag","embeddable":true,"href":"https:\/\/pood.marjamaatalu.ee\/en\/wp-json\/wp\/v2\/product_tag?post=587"}],"curies":[{"name":"wp","href":"https:\/\/api.w.org\/{rel}","templated":true}]}}