{"id":578,"date":"2023-02-12T17:54:36","date_gmt":"2023-02-12T17:54:36","guid":{"rendered":"https:\/\/pood.marjamaatalu.ee\/?post_type=product&#038;p=578"},"modified":"2023-02-15T16:25:28","modified_gmt":"2023-02-15T16:25:28","slug":"raspberry-blackcurrant","status":"publish","type":"product","link":"https:\/\/pood.marjamaatalu.ee\/en\/toode\/raspberry-blackcurrant\/","title":{"rendered":"Raspberry-blackcurrant"},"content":{"rendered":"<p>Without preservatives. Store at temperatures below -18\u00b0C Do not refreeze thawed product!<\/p>\n","protected":false},"excerpt":{"rendered":"<p>Vaarikad on v\u00e4ga head isu reguleerijad, kuna nendes on kiudainesisaldus v\u00e4ga k\u00f5rge. Samuti t\u00e4idavad nad k\u00f5htu ning neis on aeglaselt imenduvaid s\u00fcsivesikuid, mis hoiavad n\u00e4ljatunde pikalt eemal.<\/p>\n","protected":false},"featured_media":581,"comment_status":"open","ping_status":"closed","template":"","meta":{"_acf_changed":false},"product_brand":[],"product_cat":[63],"product_tag":[],"class_list":{"0":"post-578","1":"product","2":"type-product","3":"status-publish","4":"has-post-thumbnail","6":"product_cat-jams","8":"first","9":"instock","10":"taxable","11":"shipping-taxable","12":"purchasable","13":"product-type-simple"},"acf":[],"_links":{"self":[{"href":"https:\/\/pood.marjamaatalu.ee\/en\/wp-json\/wp\/v2\/product\/578","targetHints":{"allow":["GET"]}}],"collection":[{"href":"https:\/\/pood.marjamaatalu.ee\/en\/wp-json\/wp\/v2\/product"}],"about":[{"href":"https:\/\/pood.marjamaatalu.ee\/en\/wp-json\/wp\/v2\/types\/product"}],"replies":[{"embeddable":true,"href":"https:\/\/pood.marjamaatalu.ee\/en\/wp-json\/wp\/v2\/comments?post=578"}],"wp:featuredmedia":[{"embeddable":true,"href":"https:\/\/pood.marjamaatalu.ee\/en\/wp-json\/wp\/v2\/media\/581"}],"wp:attachment":[{"href":"https:\/\/pood.marjamaatalu.ee\/en\/wp-json\/wp\/v2\/media?parent=578"}],"wp:term":[{"taxonomy":"product_brand","embeddable":true,"href":"https:\/\/pood.marjamaatalu.ee\/en\/wp-json\/wp\/v2\/product_brand?post=578"},{"taxonomy":"product_cat","embeddable":true,"href":"https:\/\/pood.marjamaatalu.ee\/en\/wp-json\/wp\/v2\/product_cat?post=578"},{"taxonomy":"product_tag","embeddable":true,"href":"https:\/\/pood.marjamaatalu.ee\/en\/wp-json\/wp\/v2\/product_tag?post=578"}],"curies":[{"name":"wp","href":"https:\/\/api.w.org\/{rel}","templated":true}]}}